{"id":7,"date":"2021-06-03T14:58:06","date_gmt":"2021-06-03T14:58:06","guid":{"rendered":"https:\/\/demo.creativethemes.com\/blocksy\/persona\/?page_id=7"},"modified":"2022-04-10T18:14:51","modified_gmt":"2022-04-10T16:14:51","slug":"services","status":"publish","type":"page","link":"https:\/\/michaelstros.ch\/?page_id=7","title":{"rendered":"Meine Angebote"},"content":{"rendered":"\n<div class=\"wp-block-ugb-feature-grid ugb-feature-grid ct-special-features ugb-f464ae6 ugb-feature-grid--v2 ugb-feature-grid--columns-3 ugb-feature-grid--design-basic ugb-main-block\"><style>.ugb-f464ae6 .ugb-feature-grid__item{border-radius:8px !important;background-color:var(--paletteColor8,#1f1f1f) !important}.ugb-f464ae6 .ugb-feature-grid__item:before{background-color:var(--paletteColor8,#1f1f1f) !important}.ugb-f464ae6 .ugb-img{width:40px;height:40px !important}.ugb-f464ae6 .ugb-img,.ugb-f464ae6 .ugb-feature-grid__image{margin-left:0 !important;margin-right:auto !important}.ugb-f464ae6 .ugb-feature-grid__title{font-weight:800 !important;text-align:left}.ugb-f464ae6 .ugb-feature-grid__description{color:var(--paletteColor4,#ffffff);text-align:left;margin-bottom:0px !important}.ugb-f464ae6 .ugb-feature-grid__image{margin-bottom:50px !important}.ugb-f464ae6 .ugb-inner-block{text-align:left}@media screen and (min-width:768px){.ugb-f464ae6.ugb-feature-grid{margin-bottom:35px !important}}@media screen and (min-width:768px){.ugb-f464ae6 > .ugb-inner-block > .ugb-block-content > *{padding-top:80px !important;padding-bottom:80px !important;padding-right:70px !important;padding-left:70px !important}}<\/style><div class=\"ugb-inner-block\"><div class=\"ugb-block-content\"><div class=\"ugb-feature-grid__item ugb-feature-grid__item1 ugb--shadow-0\"><div class=\"ugb-feature-grid__image\"><img decoding=\"async\" class=\"ugb-img wp-image-384\" src=\"https:\/\/michaelstros.ch\/wp-content\/uploads\/2021\/06\/\uf87cservices-icon-1.svg\" alt=\"Filming Services\" title=\"\" width=\"40\"\/><\/div><div class=\"ugb-feature-grid__content\"><h5 class=\"ugb-feature-grid__title\">Meine Kompetenzen<\/h5><p class=\"ugb-feature-grid__description\">Aufgrund meiner vielseitigen Expertise und Interdisziplinarit\u00e4t ergeben sich bei Ihrem Projekt neue Perspektiven. <br><br><strong>Z\u00f6gern Sie nicht mich zu kontaktieren.<\/strong><\/p><\/div><\/div><div class=\"ugb-feature-grid__item ugb-feature-grid__item2 ugb--shadow-0\"><div class=\"ugb-feature-grid__image\"><img decoding=\"async\" class=\"ugb-img wp-image-385\" src=\"https:\/\/michaelstros.ch\/wp-content\/uploads\/2021\/06\/\uf87cservices-icon-2.svg\" alt=\"Digital Marketing\" title=\"\" width=\"40\"\/><\/div><div class=\"ugb-feature-grid__content\"><h5 class=\"ugb-feature-grid__title\">Meine Projekte<\/h5><p class=\"ugb-feature-grid__description\">Verschaffen Sie sich eine \u00dcbersicht der zahlreichen, vielseitigen durchgef\u00fchrten Projekte<br>Auf Anfrage erfahren Sie weitere Details.<br><br><strong>Ich bin offen f\u00fcr neue Projekte. Sehr gerne werde ich dies mit Ihnen besprechen.<\/strong><\/p><\/div><\/div><div class=\"ugb-feature-grid__item ugb-feature-grid__item3 ugb--shadow-0\"><div class=\"ugb-feature-grid__image\"><img decoding=\"async\" class=\"ugb-img wp-image-387\" src=\"https:\/\/michaelstros.ch\/wp-content\/uploads\/2021\/06\/\uf87cservices-icon-3.svg\" alt=\"Visual Effects\" title=\"\" width=\"40\"\/><\/div><div class=\"ugb-feature-grid__content\"><h5 class=\"ugb-feature-grid__title\">Ver\u00f6ffentlichungen<\/h5><p class=\"ugb-feature-grid__description\">Interessante Forschungsprojekte haben zu Ver\u00f6ffentlichungen gef\u00fchrt.<br>Auf Anfrage stelle ich Ihnen dies gerne zu.<br><br><strong>Ich w\u00fcrde mich ebenfalls \u00fcber weitere Forschungsprojekte freuen.<\/strong><\/p><\/div><\/div><\/div><\/div><\/div>\n\n\n\n<p><\/p>\n","protected":false},"excerpt":{"rendered":"<p>Pellentesque tincidunt tristique neque, eget venenatis enim gravida quis. Fusce at egestas libero. Cras convallis egestas ullamcorper suspens.<\/p>\n","protected":false},"author":1,"featured_media":0,"parent":0,"menu_order":0,"comment_status":"closed","ping_status":"closed","template":"","meta":{"footnotes":""},"class_list":["post-7","page","type-page","status-publish","hentry"],"blocksy_meta":{"styles_descriptor":{"styles":{"desktop":"","tablet":"","mobile":""},"google_fonts":[],"version":5}},"featured_image_urls_v2":{"full":"","thumbnail":"","medium":"","medium_large":"","large":"","gs-tiny":"","xl":"","xxl":"","xxxl":"","xxxxl":"","xxxxxl":"","1536x1536":"","2048x2048":""},"post_excerpt_stackable_v2":"<p>Pellentesque tincidunt tristique neque, eget venenatis enim gravida quis. Fusce at egestas libero. Cras convallis egestas ullamcorper suspens.<\/p>\n","category_list_v2":"","author_info_v2":{"name":"michaelstros_horse_gohp3kb6","url":"https:\/\/michaelstros.ch\/?author=1"},"comments_num_v2":"0 comments","_links":{"self":[{"href":"https:\/\/michaelstros.ch\/index.php?rest_route=\/wp\/v2\/pages\/7","targetHints":{"allow":["GET"]}}],"collection":[{"href":"https:\/\/michaelstros.ch\/index.php?rest_route=\/wp\/v2\/pages"}],"about":[{"href":"https:\/\/michaelstros.ch\/index.php?rest_route=\/wp\/v2\/types\/page"}],"author":[{"embeddable":true,"href":"https:\/\/michaelstros.ch\/index.php?rest_route=\/wp\/v2\/users\/1"}],"replies":[{"embeddable":true,"href":"https:\/\/michaelstros.ch\/index.php?rest_route=%2Fwp%2Fv2%2Fcomments&post=7"}],"version-history":[{"count":6,"href":"https:\/\/michaelstros.ch\/index.php?rest_route=\/wp\/v2\/pages\/7\/revisions"}],"predecessor-version":[{"id":1243,"href":"https:\/\/michaelstros.ch\/index.php?rest_route=\/wp\/v2\/pages\/7\/revisions\/1243"}],"wp:attachment":[{"href":"https:\/\/michaelstros.ch\/index.php?rest_route=%2Fwp%2Fv2%2Fmedia&parent=7"}],"curies":[{"name":"wp","href":"https:\/\/api.w.org\/{rel}","templated":true}]}}